{"id":46,"date":"2024-08-22T17:21:08","date_gmt":"2024-08-22T17:21:08","guid":{"rendered":"http:\/\/www.oef.mx\/?page_id=46"},"modified":"2024-11-11T17:27:37","modified_gmt":"2024-11-11T17:27:37","slug":"nosotros","status":"publish","type":"page","link":"https:\/\/opcionefectiva.com\/","title":{"rendered":"Nosotros"},"content":{"rendered":"\t\t<div data-elementor-type=\"wp-page\" data-elementor-id=\"46\" class=\"elementor elementor-46\">\n\t\t\t\t<div class=\"elementor-element elementor-element-77639ad3 e-flex e-con-boxed e-con e-parent\" data-id=\"77639ad3\" data-element_type=\"container\">\n\t\t\t\t\t<div class=\"e-con-inner\">\n\t\t\t\t<div class=\"elementor-element elementor-element-7a12fdc elementor-widget elementor-widget-image\" data-id=\"7a12fdc\" data-element_type=\"widget\" data-widget_type=\"image.default\">\n\t\t\t\t<div class=\"elementor-widget-container\">\n\t\t\t\t\t\t\t\t\t\t\t\t\t<img fetchpriority=\"high\" decoding=\"async\" width=\"750\" height=\"308\" src=\"https:\/\/opcionefectiva.com\/wp-content\/uploads\/2024\/11\/LOGO_OEF-sin-fondo.png\" class=\"attachment-large size-large wp-image-351\" alt=\"\" srcset=\"https:\/\/opcionefectiva.com\/wp-content\/uploads\/2024\/11\/LOGO_OEF-sin-fondo.png 778w, https:\/\/opcionefectiva.com\/wp-content\/uploads\/2024\/11\/LOGO_OEF-sin-fondo-300x123.png 300w, https:\/\/opcionefectiva.com\/wp-content\/uploads\/2024\/11\/LOGO_OEF-sin-fondo-768x316.png 768w\" sizes=\"(max-width: 750px) 100vw, 750px\" \/>\t\t\t\t\t\t\t\t\t\t\t\t\t<\/div>\n\t\t\t\t<\/div>\n\t\t\t\t<div class=\"elementor-element elementor-element-607f6b4 elementor-widget elementor-widget-spacer\" data-id=\"607f6b4\" data-element_type=\"widget\" data-widget_type=\"spacer.default\">\n\t\t\t\t<div class=\"elementor-widget-container\">\n\t\t\t\t\t<div class=\"elementor-spacer\">\n\t\t\t<div class=\"elementor-spacer-inner\"><\/div>\n\t\t<\/div>\n\t\t\t\t<\/div>\n\t\t\t\t<\/div>\n\t\t\t\t<div class=\"elementor-element elementor-element-6fa8b0d1 elementor-widget elementor-widget-text-editor\" data-id=\"6fa8b0d1\" data-element_type=\"widget\" data-widget_type=\"text-editor.default\">\n\t\t\t\t<div class=\"elementor-widget-container\">\n\t\t\t\t\t\t\t<p><!-- wp:paragraph --><\/p>\n<h6><strong><em>FINANCIERA OPCI\u00d3N EFECTIVA S.A.P.I. DE C.V., SOFOM,<\/em> E.N.R es una financiera formada por un grupo de empresarios enfocado en ser el aliado en las peque\u00f1as y medianas empresas, teniendo como objetivo facilitar cr\u00e9ditos para su crecimiento financiero.<\/strong><\/h6>\n<h6><\/h6>\n<h6><strong><!-- \/wp:paragraph --><\/strong><\/h6>\n<h6><strong><!-- wp:paragraph --><\/strong><\/h6>\n<h6><strong><!-- \/wp:paragraph --><\/strong><\/h6>\n<h6><strong><!-- wp:paragraph --><\/strong><\/h6>\n<h6><strong>A trav\u00e9s de productos especializados y asesor\u00eda experta creamos sinergia con nuestros clientes para resolver de manera eficiente las necesidades financieras de sus operaciones de comercio exterior como: compra venta de divisas, pagos internacionales, instrumentos de cobertura y financiamiento de corto plazo.<\/strong><\/h6>\n<h6><\/h6>\n<h6><strong><!-- \/wp:paragraph --><\/strong><\/h6>\n<h6><strong><!-- wp:paragraph --><\/strong><\/h6>\n<h6><strong><!-- \/wp:paragraph --><\/strong><\/h6>\n<h6><strong><!-- wp:paragraph --><\/strong><\/h6>\n<h6><strong>Con m\u00e1s de 25 a\u00f1os de experiencia y el reconocimiento de las principales agencias calificadoras del mundo nos enfocamos en ser el aliado de confianza para nuestros clientes, apoyando en simplificar la operaci\u00f3n diaria de sus tesorer\u00edas a trav\u00e9s de servicios focalizados y eficientes.<\/strong><\/h6>\n<p><!-- \/wp:paragraph --><\/p>\n<p>.<\/p>\t\t\t\t\t\t<\/div>\n\t\t\t\t<\/div>\n\t\t\t\t<div class=\"elementor-element elementor-element-68097bd elementor-widget elementor-widget-spacer\" data-id=\"68097bd\" data-element_type=\"widget\" data-widget_type=\"spacer.default\">\n\t\t\t\t<div class=\"elementor-widget-container\">\n\t\t\t\t\t<div class=\"elementor-spacer\">\n\t\t\t<div class=\"elementor-spacer-inner\"><\/div>\n\t\t<\/div>\n\t\t\t\t<\/div>\n\t\t\t\t<\/div>\n\t\t\t\t\t<\/div>\n\t\t\t\t<\/div>\n\t\t<div class=\"elementor-element elementor-element-8d53468 e-flex e-con-boxed e-con e-parent\" data-id=\"8d53468\" data-element_type=\"container\">\n\t\t\t\t\t<div class=\"e-con-inner\">\n\t\t\t\t<div class=\"elementor-element elementor-element-5abb268 elementor-widget elementor-widget-image\" data-id=\"5abb268\" data-element_type=\"widget\" data-widget_type=\"image.default\">\n\t\t\t\t<div class=\"elementor-widget-container\">\n\t\t\t\t\t\t\t\t\t\t\t\t\t<img decoding=\"async\" width=\"750\" height=\"437\" src=\"https:\/\/opcionefectiva.com\/wp-content\/uploads\/2024\/08\/fINANZAS-1024x597.jpg\" class=\"attachment-large size-large wp-image-41\" alt=\"\" srcset=\"https:\/\/opcionefectiva.com\/wp-content\/uploads\/2024\/08\/fINANZAS-1024x597.jpg 1024w, https:\/\/opcionefectiva.com\/wp-content\/uploads\/2024\/08\/fINANZAS-300x175.jpg 300w, https:\/\/opcionefectiva.com\/wp-content\/uploads\/2024\/08\/fINANZAS-768x448.jpg 768w, https:\/\/opcionefectiva.com\/wp-content\/uploads\/2024\/08\/fINANZAS.jpg 1200w\" sizes=\"(max-width: 750px) 100vw, 750px\" \/>\t\t\t\t\t\t\t\t\t\t\t\t\t<\/div>\n\t\t\t\t<\/div>\n\t\t\t\t<div class=\"elementor-element elementor-element-0927337 elementor-widget elementor-widget-spacer\" data-id=\"0927337\" data-element_type=\"widget\" data-widget_type=\"spacer.default\">\n\t\t\t\t<div class=\"elementor-widget-container\">\n\t\t\t\t\t<div class=\"elementor-spacer\">\n\t\t\t<div class=\"elementor-spacer-inner\"><\/div>\n\t\t<\/div>\n\t\t\t\t<\/div>\n\t\t\t\t<\/div>\n\t\t\t\t\t<\/div>\n\t\t\t\t<\/div>\n\t\t<div class=\"elementor-element elementor-element-9a47746 e-flex e-con-boxed e-con e-parent\" data-id=\"9a47746\" data-element_type=\"container\">\n\t\t\t\t\t<div class=\"e-con-inner\">\n\t\t\t\t\t<\/div>\n\t\t\t\t<\/div>\n\t\t<div class=\"elementor-element elementor-element-d25131a e-flex e-con-boxed e-con e-parent\" data-id=\"d25131a\" data-element_type=\"container\">\n\t\t\t\t\t<div class=\"e-con-inner\">\n\t\t\t\t<div class=\"elementor-element elementor-element-0d22ba1 elementor-widget elementor-widget-image\" data-id=\"0d22ba1\" data-element_type=\"widget\" data-widget_type=\"image.default\">\n\t\t\t\t<div class=\"elementor-widget-container\">\n\t\t\t\t\t\t\t\t\t\t\t\t\t<img decoding=\"async\" width=\"150\" height=\"150\" src=\"https:\/\/opcionefectiva.com\/wp-content\/uploads\/2024\/08\/Mision_Vision-removebg-preview-150x150.png\" class=\"attachment-thumbnail size-thumbnail wp-image-146\" alt=\"\" \/>\t\t\t\t\t\t\t\t\t\t\t\t\t<\/div>\n\t\t\t\t<\/div>\n\t\t\t\t<div class=\"elementor-element elementor-element-e2c5220 elementor-widget elementor-widget-spacer\" data-id=\"e2c5220\" data-element_type=\"widget\" data-widget_type=\"spacer.default\">\n\t\t\t\t<div class=\"elementor-widget-container\">\n\t\t\t\t\t<div class=\"elementor-spacer\">\n\t\t\t<div class=\"elementor-spacer-inner\"><\/div>\n\t\t<\/div>\n\t\t\t\t<\/div>\n\t\t\t\t<\/div>\n\t\t\t\t\t<\/div>\n\t\t\t\t<\/div>\n\t\t<div class=\"elementor-element elementor-element-17826cf e-flex e-con-boxed e-con e-parent\" data-id=\"17826cf\" data-element_type=\"container\">\n\t\t\t\t\t<div class=\"e-con-inner\">\n\t\t\t\t<div class=\"elementor-element elementor-element-477cd8a elementor-widget elementor-widget-text-editor\" data-id=\"477cd8a\" data-element_type=\"widget\" data-widget_type=\"text-editor.default\">\n\t\t\t\t<div class=\"elementor-widget-container\">\n\t\t\t\t\t\t\t<p><em><strong>Nuestra Misi\u00f3n<\/strong><\/em><\/p>\n<p>Impulsar tu transformaci\u00f3n financiera a trav\u00e9s de tecnolog\u00eda adaptable, escalable y configurable.<\/p>\t\t\t\t\t\t<\/div>\n\t\t\t\t<\/div>\n\t\t\t\t\t<\/div>\n\t\t\t\t<\/div>\n\t\t<div class=\"elementor-element elementor-element-9c9a5ba e-flex e-con-boxed e-con e-parent\" data-id=\"9c9a5ba\" data-element_type=\"container\">\n\t\t\t\t\t<div class=\"e-con-inner\">\n\t\t\t\t<div class=\"elementor-element elementor-element-415df3c elementor-widget elementor-widget-text-editor\" data-id=\"415df3c\" data-element_type=\"widget\" data-widget_type=\"text-editor.default\">\n\t\t\t\t<div class=\"elementor-widget-container\">\n\t\t\t\t\t\t\t<p><em><strong>Nuestra Visi\u00f3n<\/strong><\/em><\/p>\n<p>Ser el aliado tecnol\u00f3gico que transforma los servicios financieros.<\/p>\t\t\t\t\t\t<\/div>\n\t\t\t\t<\/div>\n\t\t\t\t\t<\/div>\n\t\t\t\t<\/div>\n\t\t<div class=\"elementor-element elementor-element-4c68246 e-flex e-con-boxed e-con e-parent\" data-id=\"4c68246\" data-element_type=\"container\">\n\t\t\t\t\t<div class=\"e-con-inner\">\n\t\t\t\t\t<\/div>\n\t\t\t\t<\/div>\n\t\t<div class=\"elementor-element elementor-element-652a71a e-con-full e-flex e-con e-parent\" data-id=\"652a71a\" data-element_type=\"container\">\n\t\t\t\t<div class=\"elementor-element elementor-element-f1c5f58 obfx-position-top elementor-widget elementor-widget-obfx-services\" data-id=\"f1c5f58\" data-element_type=\"widget\" data-widget_type=\"obfx-services.default\">\n\t\t\t\t<div class=\"elementor-widget-container\">\n\t\t\t<div class=\"obfx-grid\"><div class=\"obfx-grid-container obfx-grid-desktop-2\">\t\t\t<div class=\"obfx-grid-wrapper\">\n\t\t\t\t<a href=\"https:\/\/www.condusef.gob.mx\/\" >\t\t\t\t<div class=\"obfx-service-box obfx-grid-col\">\n\t\t\t\t\t\t\t\t\t\t\t<span class=\"obfx-image-wrap\"><img decoding=\"async\" class=\"obfx-image\" src=\"http:\/\/www.oef.mx\/wp-content\/uploads\/2024\/08\/condu-removebg-preview.png\" alt=\"\"\/><\/span>\n\t\t\t\t\t\t\t\t\t\t\t\t<div class=\"obfx-service-box-content\">\n\t\t\t\t\t\t\t\t\t\t\t\t\t\t\t<h4 class=\"obfx-service-title\">CONDUSEF<\/h4>\n\t\t\t\t\t\t\t\t\t\t\t\t\t\t\t\t<p class=\"obfx-service-text\">Comisi\u00f3n Nacional para la Protecci\u00f3n y Defensa de los Usuarios de Servicios Financieros<\/p>\n\t\t\t\t\t\t\t\t\t\t\t\t\t<\/div>\n\t\t\t\t\t\t\t\t\t<\/div>\n\t\t\t\t<\/a>\t\t\t<\/div>\n\t\t\t\t\t\t<div class=\"obfx-grid-wrapper\">\n\t\t\t\t<a href=\"https:\/\/www.buro.gob.mx\/\" >\t\t\t\t<div class=\"obfx-service-box obfx-grid-col\">\n\t\t\t\t\t\t\t\t\t\t\t<span class=\"obfx-image-wrap\"><img decoding=\"async\" class=\"obfx-image\" src=\"http:\/\/www.oef.mx\/wp-content\/uploads\/2024\/08\/buro.jpg\" alt=\"\"\/><\/span>\n\t\t\t\t\t\t\t\t\t\t\t\t<div class=\"obfx-service-box-content\">\n\t\t\t\t\t\t\t\t\t\t\t\t\t\t\t<h4 class=\"obfx-service-title\">BURO DE ENTIDADES FINANCIERAS<\/h4>\n\t\t\t\t\t\t\t\t\t\t\t\t\t\t<\/div>\n\t\t\t\t\t\t\t\t\t<\/div>\n\t\t\t\t<\/a>\t\t\t<\/div>\n\t\t\t<\/div><\/div>\t\t<\/div>\n\t\t\t\t<\/div>\n\t\t\t\t<\/div>\n\t\t\t\t<\/div>\n\t\t","protected":false},"excerpt":{"rendered":"<p>FINANCIERA OPCI\u00d3N EFECTIVA S.A.P.I. DE C.V., SOFOM, E.N.R es una financiera formada por un grupo de empresarios enfocado en ser el aliado en las peque\u00f1as y medianas empresas, teniendo como objetivo facilitar cr\u00e9ditos para su crecimiento financiero. A trav\u00e9s de productos especializados y asesor\u00eda experta creamos sinergia con nuestros clientes [&hellip;]<\/p>\n","protected":false},"author":1,"featured_media":0,"parent":0,"menu_order":0,"comment_status":"closed","ping_status":"closed","template":"","meta":{"footnotes":""},"class_list":["post-46","page","type-page","status-publish","hentry"],"_links":{"self":[{"href":"https:\/\/opcionefectiva.com\/index.php?rest_route=\/wp\/v2\/pages\/46","targetHints":{"allow":["GET"]}}],"collection":[{"href":"https:\/\/opcionefectiva.com\/index.php?rest_route=\/wp\/v2\/pages"}],"about":[{"href":"https:\/\/opcionefectiva.com\/index.php?rest_route=\/wp\/v2\/types\/page"}],"author":[{"embeddable":true,"href":"https:\/\/opcionefectiva.com\/index.php?rest_route=\/wp\/v2\/users\/1"}],"replies":[{"embeddable":true,"href":"https:\/\/opcionefectiva.com\/index.php?rest_route=%2Fwp%2Fv2%2Fcomments&post=46"}],"version-history":[{"count":94,"href":"https:\/\/opcionefectiva.com\/index.php?rest_route=\/wp\/v2\/pages\/46\/revisions"}],"predecessor-version":[{"id":396,"href":"https:\/\/opcionefectiva.com\/index.php?rest_route=\/wp\/v2\/pages\/46\/revisions\/396"}],"wp:attachment":[{"href":"https:\/\/opcionefectiva.com\/index.php?rest_route=%2Fwp%2Fv2%2Fmedia&parent=46"}],"curies":[{"name":"wp","href":"https:\/\/api.w.org\/{rel}","templated":true}]}}