{"id":49,"date":"2024-08-22T17:21:08","date_gmt":"2024-08-22T17:21:08","guid":{"rendered":"http:\/\/www.oef.mx\/?page_id=49"},"modified":"2024-08-23T22:00:47","modified_gmt":"2024-08-23T22:00:47","slug":"testimonios","status":"publish","type":"page","link":"https:\/\/opcionefectiva.com\/?page_id=49","title":{"rendered":"Testimonios"},"content":{"rendered":"\t\t<div data-elementor-type=\"wp-page\" data-elementor-id=\"49\" class=\"elementor elementor-49\">\n\t\t\t\t<div class=\"elementor-element elementor-element-470d428 e-flex e-con-boxed e-con e-parent\" data-id=\"470d428\" data-element_type=\"container\">\n\t\t\t\t\t<div class=\"e-con-inner\">\n\t\t\t\t<div class=\"elementor-element elementor-element-e847681 elementor-widget elementor-widget-spacer\" data-id=\"e847681\" data-element_type=\"widget\" data-widget_type=\"spacer.default\">\n\t\t\t\t<div class=\"elementor-widget-container\">\n\t\t\t\t\t<div class=\"elementor-spacer\">\n\t\t\t<div class=\"elementor-spacer-inner\"><\/div>\n\t\t<\/div>\n\t\t\t\t<\/div>\n\t\t\t\t<\/div>\n\t\t\t\t<div class=\"elementor-element elementor-element-fbff0fe elementor-widget elementor-widget-heading\" data-id=\"fbff0fe\" data-element_type=\"widget\" data-widget_type=\"heading.default\">\n\t\t\t\t<div class=\"elementor-widget-container\">\n\t\t\t<h2 class=\"elementor-heading-title elementor-size-default\">Testimonios<\/h2>\t\t<\/div>\n\t\t\t\t<\/div>\n\t\t\t\t\t<\/div>\n\t\t\t\t<\/div>\n\t\t<div class=\"elementor-element elementor-element-0c567f1 e-flex e-con-boxed e-con e-parent\" data-id=\"0c567f1\" data-element_type=\"container\">\n\t\t\t\t\t<div class=\"e-con-inner\">\n\t\t\t\t<div class=\"elementor-element elementor-element-8496ae9 elementor-widget elementor-widget-text-editor\" data-id=\"8496ae9\" data-element_type=\"widget\" data-widget_type=\"text-editor.default\">\n\t\t\t\t<div class=\"elementor-widget-container\">\n\t\t\t\t\t\t\t<p>Pr\u00f3ximamente&#8230;&#8230;.<\/p>\t\t\t\t\t\t<\/div>\n\t\t\t\t<\/div>\n\t\t\t\t<div class=\"elementor-element elementor-element-f7b540f elementor-widget elementor-widget-spacer\" data-id=\"f7b540f\" data-element_type=\"widget\" data-widget_type=\"spacer.default\">\n\t\t\t\t<div class=\"elementor-widget-container\">\n\t\t\t\t\t<div class=\"elementor-spacer\">\n\t\t\t<div class=\"elementor-spacer-inner\"><\/div>\n\t\t<\/div>\n\t\t\t\t<\/div>\n\t\t\t\t<\/div>\n\t\t\t\t\t<\/div>\n\t\t\t\t<\/div>\n\t\t<div class=\"elementor-element elementor-element-308a7cf e-flex e-con-boxed e-con e-parent\" data-id=\"308a7cf\" data-element_type=\"container\">\n\t\t\t\t\t<div class=\"e-con-inner\">\n\t\t\t\t<div class=\"elementor-element elementor-element-245b14b obfx-position-top elementor-widget elementor-widget-obfx-services\" data-id=\"245b14b\" data-element_type=\"widget\" data-widget_type=\"obfx-services.default\">\n\t\t\t\t<div class=\"elementor-widget-container\">\n\t\t\t<div class=\"obfx-grid\"><div class=\"obfx-grid-container obfx-grid-desktop-2\">\t\t\t<div class=\"obfx-grid-wrapper\">\n\t\t\t\t<a href=\"https:\/\/www.condusef.gob.mx\/\" >\t\t\t\t<div class=\"obfx-service-box obfx-grid-col\">\n\t\t\t\t\t\t\t\t\t\t\t<span class=\"obfx-image-wrap\"><img decoding=\"async\" class=\"obfx-image\" src=\"http:\/\/www.oef.mx\/wp-content\/uploads\/2024\/08\/condu-removebg-preview.png\" alt=\"\"\/><\/span>\n\t\t\t\t\t\t\t\t\t\t\t\t<div class=\"obfx-service-box-content\">\n\t\t\t\t\t\t\t\t\t\t\t\t\t\t\t<h4 class=\"obfx-service-title\">CONDUSEF<\/h4>\n\t\t\t\t\t\t\t\t\t\t\t\t\t\t\t\t<p class=\"obfx-service-text\">Comisi\u00f3n Nacional para la Protecci\u00f3n y Defensa de los Usuarios de Servicios Financieros<\/p>\n\t\t\t\t\t\t\t\t\t\t\t\t\t<\/div>\n\t\t\t\t\t\t\t\t\t<\/div>\n\t\t\t\t<\/a>\t\t\t<\/div>\n\t\t\t\t\t\t<div class=\"obfx-grid-wrapper\">\n\t\t\t\t<a href=\"https:\/\/www.buro.gob.mx\/\" >\t\t\t\t<div class=\"obfx-service-box obfx-grid-col\">\n\t\t\t\t\t\t\t\t\t\t\t<span class=\"obfx-image-wrap\"><img decoding=\"async\" class=\"obfx-image\" src=\"http:\/\/www.oef.mx\/wp-content\/uploads\/2024\/08\/buro.jpg\" alt=\"\"\/><\/span>\n\t\t\t\t\t\t\t\t\t\t\t\t<div class=\"obfx-service-box-content\">\n\t\t\t\t\t\t\t\t\t\t\t\t\t\t\t<h4 class=\"obfx-service-title\">BURO DE ENTIDADES FINANCIERAS<\/h4>\n\t\t\t\t\t\t\t\t\t\t\t\t\t\t<\/div>\n\t\t\t\t\t\t\t\t\t<\/div>\n\t\t\t\t<\/a>\t\t\t<\/div>\n\t\t\t<\/div><\/div>\t\t<\/div>\n\t\t\t\t<\/div>\n\t\t\t\t\t<\/div>\n\t\t\t\t<\/div>\n\t\t\t\t<\/div>\n\t\t","protected":false},"excerpt":{"rendered":"<p>Testimonios Pr\u00f3ximamente&#8230;&#8230;. CONDUSEF Comisi\u00f3n Nacional para la Protecci\u00f3n y Defensa de los Usuarios de Servicios Financieros BURO DE ENTIDADES FINANCIERAS<\/p>\n","protected":false},"author":1,"featured_media":0,"parent":0,"menu_order":0,"comment_status":"closed","ping_status":"closed","template":"page-templates\/template-pagebuilder-full-width.php","meta":{"footnotes":""},"class_list":["post-49","page","type-page","status-publish","hentry"],"_links":{"self":[{"href":"https:\/\/opcionefectiva.com\/index.php?rest_route=\/wp\/v2\/pages\/49","targetHints":{"allow":["GET"]}}],"collection":[{"href":"https:\/\/opcionefectiva.com\/index.php?rest_route=\/wp\/v2\/pages"}],"about":[{"href":"https:\/\/opcionefectiva.com\/index.php?rest_route=\/wp\/v2\/types\/page"}],"author":[{"embeddable":true,"href":"https:\/\/opcionefectiva.com\/index.php?rest_route=\/wp\/v2\/users\/1"}],"replies":[{"embeddable":true,"href":"https:\/\/opcionefectiva.com\/index.php?rest_route=%2Fwp%2Fv2%2Fcomments&post=49"}],"version-history":[{"count":22,"href":"https:\/\/opcionefectiva.com\/index.php?rest_route=\/wp\/v2\/pages\/49\/revisions"}],"predecessor-version":[{"id":316,"href":"https:\/\/opcionefectiva.com\/index.php?rest_route=\/wp\/v2\/pages\/49\/revisions\/316"}],"wp:attachment":[{"href":"https:\/\/opcionefectiva.com\/index.php?rest_route=%2Fwp%2Fv2%2Fmedia&parent=49"}],"curies":[{"name":"wp","href":"https:\/\/api.w.org\/{rel}","templated":true}]}}